{"id":4791,"date":"2025-09-19T09:31:13","date_gmt":"2025-09-19T07:31:13","guid":{"rendered":"https:\/\/urbannutrition.mk\/historia-jone\/"},"modified":"2026-05-06T17:22:29","modified_gmt":"2026-05-06T15:22:29","slug":"historia-jone","status":"publish","type":"page","link":"https:\/\/urbannutrition.mk\/sq\/historia-jone\/","title":{"rendered":"Historia jon\u00eb"},"content":{"rendered":"\t\t<div data-elementor-type=\"wp-page\" data-elementor-id=\"4791\" class=\"elementor elementor-4791 elementor-1664\" data-elementor-post-type=\"page\">\n\t\t\t\t<div class=\"elementor-element elementor-element-0ea1c96 e-con-full e-flex e-con e-parent\" data-id=\"0ea1c96\" data-element_type=\"container\" data-e-type=\"container\" data-settings=\"{&quot;background_background&quot;:&quot;classic&quot;}\">\n\t\t<div class=\"elementor-element elementor-element-ec6a437 e-flex e-con-boxed e-con e-child\" data-id=\"ec6a437\" data-element_type=\"container\" data-e-type=\"container\">\n\t\t\t\t\t<div class=\"e-con-inner\">\n\t\t\t\t<div class=\"elementor-element elementor-element-2675759 elementor-widget elementor-widget-heading\" data-id=\"2675759\" data-element_type=\"widget\" data-e-type=\"widget\" data-widget_type=\"heading.default\">\n\t\t\t\t\t<h2 class=\"elementor-heading-title elementor-size-default\">Historia jon\u00eb<\/h2>\t\t\t\t<\/div>\n\t\t\t\t\t<\/div>\n\t\t\t\t<\/div>\n\t\t\t\t<\/div>\n\t\t<div class=\"elementor-element elementor-element-2637717 e-con-full e-flex e-con e-parent\" data-id=\"2637717\" data-element_type=\"container\" data-e-type=\"container\">\n\t\t\t\t<div class=\"elementor-element elementor-element-dbd28d2 elementor-widget__width-auto elementor-widget elementor-widget-heading\" data-id=\"dbd28d2\" data-element_type=\"widget\" data-e-type=\"widget\" data-widget_type=\"heading.default\">\n\t\t\t\t\t<h2 class=\"elementor-heading-title elementor-size-default\">Kush jemi ne?<\/h2>\t\t\t\t<\/div>\n\t\t\t\t<\/div>\n\t\t<div class=\"elementor-element elementor-element-94e4582 e-flex e-con-boxed e-con e-parent\" data-id=\"94e4582\" data-element_type=\"container\" data-e-type=\"container\">\n\t\t\t\t\t<div class=\"e-con-inner\">\n\t\t<div class=\"elementor-element elementor-element-b907689 e-con-full e-flex e-con e-child\" data-id=\"b907689\" data-element_type=\"container\" data-e-type=\"container\">\n\t\t\t\t<div class=\"elementor-element elementor-element-ebd109a elementor-widget__width-initial elementor-widget elementor-widget-text-editor\" data-id=\"ebd109a\" data-element_type=\"widget\" data-e-type=\"widget\" data-widget_type=\"text-editor.default\">\n\t\t\t\t\t\t\t\t\t<p><strong>Urban Nutrition<\/strong> \u00ebsht\u00eb nj\u00eb kompani e p\u00ebrkushtuar n\u00eb krijimin dhe ofrimin e produkteve t\u00eb t\u00eb ushqyerit t\u00eb sh\u00ebndetsh\u00ebm me cil\u00ebsi t\u00eb lart\u00eb. Q\u00ebllimi yn\u00eb \u00ebsht\u00eb t&#8217;u ofrojm\u00eb banor\u00ebve t\u00eb qytetit zgjidhje praktike dhe ushqyese q\u00eb i p\u00ebrshtaten nj\u00eb stili jetese dinamike. Me p\u00ebrb\u00ebr\u00ebs t\u00eb zgjedhur me kujdes nga prodhues t\u00eb nivelit t\u00eb lart\u00eb, produktet tona ushqejn\u00eb qelizat e trupit dhe kontribuojn\u00eb n\u00eb nj\u00eb sh\u00ebndet m\u00eb t\u00eb mir\u00eb, rritje t\u00eb energjis\u00eb dhe mas\u00eb muskulore.<\/p>\t\t\t\t\t\t\t\t<\/div>\n\t\t\t\t<\/div>\n\t\t<div class=\"elementor-element elementor-element-099e20a e-con-full e-flex e-con e-child\" data-id=\"099e20a\" data-element_type=\"container\" data-e-type=\"container\" data-settings=\"{&quot;background_background&quot;:&quot;classic&quot;}\">\n\t\t\t\t<div class=\"elementor-element elementor-element-663d854 elementor-widget-tablet__width-inherit elementor-widget elementor-widget-image\" data-id=\"663d854\" data-element_type=\"widget\" data-e-type=\"widget\" data-widget_type=\"image.default\">\n\t\t\t\t\t\t\t\t\t\t\t\t\t\t\t<img loading=\"lazy\" loading=\"lazy\" decoding=\"async\" width=\"1\" height=\"1\" src=\"https:\/\/urbannutrition.mk\/wp-content\/uploads\/2025\/09\/Urban-Nutrition-CRNO.svg\" class=\"attachment-large size-large wp-image-4788\" alt=\"\" \/>\t\t\t\t\t\t\t\t\t\t\t\t\t\t\t<\/div>\n\t\t\t\t<\/div>\n\t\t\t\t\t<\/div>\n\t\t\t\t<\/div>\n\t\t<div class=\"elementor-element elementor-element-51cc55a e-con-full e-flex e-con e-parent\" data-id=\"51cc55a\" data-element_type=\"container\" data-e-type=\"container\">\n\t\t\t\t<div class=\"elementor-element elementor-element-0ed0f6d elementor-widget__width-auto elementor-widget elementor-widget-heading\" data-id=\"0ed0f6d\" data-element_type=\"widget\" data-e-type=\"widget\" data-widget_type=\"heading.default\">\n\t\t\t\t\t<h2 class=\"elementor-heading-title elementor-size-default\">Misioni \/ Q\u00ebllimi yn\u00eb<\/h2>\t\t\t\t<\/div>\n\t\t\t\t<\/div>\n\t\t<div class=\"elementor-element elementor-element-336c87b e-flex e-con-boxed e-con e-parent\" data-id=\"336c87b\" data-element_type=\"container\" data-e-type=\"container\">\n\t\t\t\t\t<div class=\"e-con-inner\">\n\t\t<div class=\"elementor-element elementor-element-92a6c2f e-con-full e-flex e-con e-child\" data-id=\"92a6c2f\" data-element_type=\"container\" data-e-type=\"container\">\n\t\t\t\t<div class=\"elementor-element elementor-element-d015690 elementor-widget elementor-widget-image\" data-id=\"d015690\" data-element_type=\"widget\" data-e-type=\"widget\" data-widget_type=\"image.default\">\n\t\t\t\t\t\t\t\t\t\t\t\t\t\t\t<img loading=\"lazy\" loading=\"lazy\" decoding=\"async\" width=\"750\" height=\"398\" src=\"https:\/\/urbannutrition.mk\/wp-content\/uploads\/2025\/09\/image2.webp\" class=\"attachment-large size-large wp-image-4789\" alt=\"\" srcset=\"https:\/\/urbannutrition.mk\/wp-content\/uploads\/2025\/09\/image2.webp 750w, https:\/\/urbannutrition.mk\/wp-content\/uploads\/2025\/09\/image2-300x159.webp 300w, https:\/\/urbannutrition.mk\/wp-content\/uploads\/2025\/09\/image2-600x318.webp 600w, https:\/\/urbannutrition.mk\/wp-content\/uploads\/2025\/09\/image2-1x1.webp 1w, https:\/\/urbannutrition.mk\/wp-content\/uploads\/2025\/09\/image2-10x5.webp 10w\" sizes=\"auto, (max-width: 750px) 100vw, 750px\" \/>\t\t\t\t\t\t\t\t\t\t\t\t\t\t\t<\/div>\n\t\t\t\t<\/div>\n\t\t<div class=\"elementor-element elementor-element-cd009ee e-con-full e-flex e-con e-child\" data-id=\"cd009ee\" data-element_type=\"container\" data-e-type=\"container\">\n\t\t\t\t<div class=\"elementor-element elementor-element-f933a1d elementor-widget__width-initial elementor-widget elementor-widget-text-editor\" data-id=\"f933a1d\" data-element_type=\"widget\" data-e-type=\"widget\" data-widget_type=\"text-editor.default\">\n\t\t\t\t\t\t\t\t\t<p>Misioni yn\u00eb \u00ebsht\u00eb ta b\u00ebjm\u00eb ushqimin e sh\u00ebndetsh\u00ebm t\u00eb arritsh\u00ebm, t\u00eb shpejt\u00eb dhe t\u00eb thjesht\u00eb \u2013 pa kompromentuar cil\u00ebsin\u00eb. Ne besojm\u00eb se \u00e7dokush meriton t\u00eb ndihet energjik, i sh\u00ebndetsh\u00ebm dhe i p\u00ebrmbushur, pavar\u00ebsisht se sa i z\u00ebn\u00eb \u00ebsht\u00eb. <strong>Urban Nutrition<\/strong> \u00ebsht\u00eb partneri juaj n\u00eb rrug\u00ebn drejt nj\u00eb ekuilibri m\u00eb t\u00eb mir\u00eb midis p\u00ebrgjegj\u00ebsive t\u00eb p\u00ebrditshme dhe nj\u00eb stili jetese t\u00eb sh\u00ebndetsh\u00ebm.<\/p>\t\t\t\t\t\t\t\t<\/div>\n\t\t\t\t<\/div>\n\t\t\t\t\t<\/div>\n\t\t\t\t<\/div>\n\t\t<div class=\"elementor-element elementor-element-87cb59d e-con-full e-flex e-con e-parent\" data-id=\"87cb59d\" data-element_type=\"container\" data-e-type=\"container\">\n\t\t\t\t<div class=\"elementor-element elementor-element-27f85e1 elementor-widget__width-auto elementor-widget elementor-widget-heading\" data-id=\"27f85e1\" data-element_type=\"widget\" data-e-type=\"widget\" data-widget_type=\"heading.default\">\n\t\t\t\t\t<h2 class=\"elementor-heading-title elementor-size-default\">Si filluam<\/h2>\t\t\t\t<\/div>\n\t\t\t\t<\/div>\n\t\t<div class=\"elementor-element elementor-element-ebbd8cf e-flex e-con-boxed e-con e-parent\" data-id=\"ebbd8cf\" data-element_type=\"container\" data-e-type=\"container\">\n\t\t\t\t\t<div class=\"e-con-inner\">\n\t\t<div class=\"elementor-element elementor-element-68c0822 e-con-full e-flex e-con e-child\" data-id=\"68c0822\" data-element_type=\"container\" data-e-type=\"container\">\n\t\t\t\t<div class=\"elementor-element elementor-element-fc602d1 elementor-widget__width-initial elementor-widget elementor-widget-text-editor\" data-id=\"fc602d1\" data-element_type=\"widget\" data-e-type=\"widget\" data-widget_type=\"text-editor.default\">\n\t\t\t\t\t\t\t\t\t<p><strong>Urban Nutrition <\/strong>u krijua si nj\u00eb p\u00ebrgjigje ndaj nevojave t\u00eb bot\u00ebs reale t\u00eb njer\u00ebzve q\u00eb shpesh nuk kan\u00eb koh\u00eb t\u00eb p\u00ebrgatisin vakte t\u00eb sh\u00ebndetshme dhe t\u00eb plota. Nga kjo ide, ne filluam t\u00eb zhvillojm\u00eb produkte q\u00eb jan\u00eb t\u00eb lehta p\u00ebr t&#8217;u p\u00ebrgatitur \u2013 t\u00eb tilla si shejk\u00eb t\u00eb shpejt\u00eb, qull ose petulla \u2013 duke z\u00ebvend\u00ebsuar ushqimin e r\u00ebnd\u00eb me vakte ushqyese dhe t\u00eb ekuilibruara.<\/p>\t\t\t\t\t\t\t\t<\/div>\n\t\t\t\t<\/div>\n\t\t<div class=\"elementor-element elementor-element-51722fe e-con-full e-flex e-con e-child\" data-id=\"51722fe\" data-element_type=\"container\" data-e-type=\"container\">\n\t\t\t\t<div class=\"elementor-element elementor-element-9fa98ab elementor-widget elementor-widget-image\" data-id=\"9fa98ab\" data-element_type=\"widget\" data-e-type=\"widget\" data-widget_type=\"image.default\">\n\t\t\t\t\t\t\t\t\t\t\t\t\t\t\t<img loading=\"lazy\" loading=\"lazy\" decoding=\"async\" width=\"750\" height=\"398\" src=\"https:\/\/urbannutrition.mk\/wp-content\/uploads\/2025\/09\/image3.webp\" class=\"attachment-large size-large wp-image-4790\" alt=\"\" srcset=\"https:\/\/urbannutrition.mk\/wp-content\/uploads\/2025\/09\/image3.webp 750w, https:\/\/urbannutrition.mk\/wp-content\/uploads\/2025\/09\/image3-300x159.webp 300w, https:\/\/urbannutrition.mk\/wp-content\/uploads\/2025\/09\/image3-600x318.webp 600w, https:\/\/urbannutrition.mk\/wp-content\/uploads\/2025\/09\/image3-1x1.webp 1w, https:\/\/urbannutrition.mk\/wp-content\/uploads\/2025\/09\/image3-10x5.webp 10w\" sizes=\"auto, (max-width: 750px) 100vw, 750px\" \/>\t\t\t\t\t\t\t\t\t\t\t\t\t\t\t<\/div>\n\t\t\t\t<\/div>\n\t\t\t\t\t<\/div>\n\t\t\t\t<\/div>\n\t\t<div class=\"elementor-element elementor-element-90d858b e-con-full e-flex e-con e-parent\" data-id=\"90d858b\" data-element_type=\"container\" data-e-type=\"container\">\n\t\t\t\t<div class=\"elementor-element elementor-element-68312af elementor-widget__width-auto elementor-widget elementor-widget-heading\" data-id=\"68312af\" data-element_type=\"widget\" data-e-type=\"widget\" data-widget_type=\"heading.default\">\n\t\t\t\t\t<h2 class=\"elementor-heading-title elementor-size-default\"> \u00c7far\u00eb na b\u00ebn t\u00eb ve\u00e7ant\u00eb?<\/h2>\t\t\t\t<\/div>\n\t\t\t\t<\/div>\n\t\t<div class=\"elementor-element elementor-element-0715574 e-flex e-con-boxed e-con e-parent\" data-id=\"0715574\" data-element_type=\"container\" data-e-type=\"container\">\n\t\t\t\t\t<div class=\"e-con-inner\">\n\t\t<div class=\"elementor-element elementor-element-610b424 e-con-full e-flex e-con e-child\" data-id=\"610b424\" data-element_type=\"container\" data-e-type=\"container\" data-settings=\"{&quot;background_background&quot;:&quot;classic&quot;}\">\n\t\t<div class=\"elementor-element elementor-element-be3c9b9 e-con-full e-flex e-con e-child\" data-id=\"be3c9b9\" data-element_type=\"container\" data-e-type=\"container\">\n\t\t\t\t<div class=\"elementor-element elementor-element-80dcd20 elementor-widget__width-initial elementor-widget elementor-widget-text-editor\" data-id=\"80dcd20\" data-element_type=\"widget\" data-e-type=\"widget\" data-widget_type=\"text-editor.default\">\n\t\t\t\t\t\t\t\t\t<p>Shpejt\u00ebsia dhe komoditeti:<\/p>\t\t\t\t\t\t\t\t<\/div>\n\t\t\t\t<\/div>\n\t\t\t\t<div class=\"elementor-element elementor-element-c5faf48 elementor-widget__width-initial elementor-widget elementor-widget-text-editor\" data-id=\"c5faf48\" data-element_type=\"widget\" data-e-type=\"widget\" data-widget_type=\"text-editor.default\">\n\t\t\t\t\t\t\t\t\t<p>T\u00eb gatshme n\u00eb vet\u00ebm pak minuta, pa pasur nevoj\u00eb p\u00ebr gatim t\u00eb komplikuar.<\/p>\t\t\t\t\t\t\t\t<\/div>\n\t\t\t\t<\/div>\n\t\t<div class=\"elementor-element elementor-element-9e342f4 e-con-full e-flex e-con e-child\" data-id=\"9e342f4\" data-element_type=\"container\" data-e-type=\"container\" data-settings=\"{&quot;background_background&quot;:&quot;classic&quot;}\">\n\t\t<div class=\"elementor-element elementor-element-170c6ba e-con-full e-flex e-con e-child\" data-id=\"170c6ba\" data-element_type=\"container\" data-e-type=\"container\">\n\t\t\t\t<div class=\"elementor-element elementor-element-91ccad5 elementor-widget__width-initial elementor-widget elementor-widget-text-editor\" data-id=\"91ccad5\" data-element_type=\"widget\" data-e-type=\"widget\" data-widget_type=\"text-editor.default\">\n\t\t\t\t\t\t\t\t\t<p>Vlera ushqyese:<\/p>\t\t\t\t\t\t\t\t<\/div>\n\t\t\t\t<\/div>\n\t\t\t\t<div class=\"elementor-element elementor-element-11d8a2a elementor-widget__width-initial elementor-widget elementor-widget-text-editor\" data-id=\"11d8a2a\" data-element_type=\"widget\" data-e-type=\"widget\" data-widget_type=\"text-editor.default\">\n\t\t\t\t\t\t\t\t\t<p>T\u00eb pasura me proteina dhe l\u00ebnd\u00eb ushqyese thelb\u00ebsore q\u00eb nxisin sh\u00ebndetin dhe rritjen e muskujve.<\/p>\t\t\t\t\t\t\t\t<\/div>\n\t\t\t\t<\/div>\n\t\t<div class=\"elementor-element elementor-element-4949fae e-con-full e-flex e-con e-child\" data-id=\"4949fae\" data-element_type=\"container\" data-e-type=\"container\" data-settings=\"{&quot;background_background&quot;:&quot;classic&quot;}\">\n\t\t<div class=\"elementor-element elementor-element-3af6310 e-con-full e-flex e-con e-child\" data-id=\"3af6310\" data-element_type=\"container\" data-e-type=\"container\">\n\t\t\t\t<div class=\"elementor-element elementor-element-26cef5e elementor-widget__width-initial elementor-widget elementor-widget-text-editor\" data-id=\"26cef5e\" data-element_type=\"widget\" data-e-type=\"widget\" data-widget_type=\"text-editor.default\">\n\t\t\t\t\t\t\t\t\t<p>Fleksibiliteti:<\/p>\t\t\t\t\t\t\t\t<\/div>\n\t\t\t\t<\/div>\n\t\t\t\t<div class=\"elementor-element elementor-element-7602a87 elementor-widget__width-initial elementor-widget elementor-widget-text-editor\" data-id=\"7602a87\" data-element_type=\"widget\" data-e-type=\"widget\" data-widget_type=\"text-editor.default\">\n\t\t\t\t\t\t\t\t\t<p>Produktet tona mund t\u00eb z\u00ebvend\u00ebsojn\u00eb nj\u00eb ose dy vakte n\u00eb dit\u00eb, n\u00eb var\u00ebsi t\u00eb q\u00ebllimeve tuaja: humbja e pesh\u00ebs, rritja e energjis\u00eb ose p\u00ebrmir\u00ebsimi i form\u00ebs fizike.<\/p>\t\t\t\t\t\t\t\t<\/div>\n\t\t\t\t<\/div>\n\t\t<div class=\"elementor-element elementor-element-9c8a7f7 e-con-full e-flex e-con e-child\" data-id=\"9c8a7f7\" data-element_type=\"container\" data-e-type=\"container\" data-settings=\"{&quot;background_background&quot;:&quot;classic&quot;}\">\n\t\t<div class=\"elementor-element elementor-element-52a025b e-con-full e-flex e-con e-child\" data-id=\"52a025b\" data-element_type=\"container\" data-e-type=\"container\">\n\t\t\t\t<div class=\"elementor-element elementor-element-b6f12f8 elementor-widget__width-initial elementor-widget elementor-widget-text-editor\" data-id=\"b6f12f8\" data-element_type=\"widget\" data-e-type=\"widget\" data-widget_type=\"text-editor.default\">\n\t\t\t\t\t\t\t\t\t<p>Mb\u00ebshtetje p\u00ebr jet\u00ebn urbane:<\/p>\t\t\t\t\t\t\t\t<\/div>\n\t\t\t\t<\/div>\n\t\t\t\t<div class=\"elementor-element elementor-element-98ca043 elementor-widget__width-initial elementor-widget elementor-widget-text-editor\" data-id=\"98ca043\" data-element_type=\"widget\" data-e-type=\"widget\" data-widget_type=\"text-editor.default\">\n\t\t\t\t\t\t\t\t\t<p>N\u00eb vend t\u00eb nj\u00eb dreke ose darke t\u00eb r\u00ebnd\u00eb, shijoni nj\u00eb shejk t\u00eb leht\u00eb, t\u00eb ekuilibruar dhe t\u00eb shijsh\u00ebm q\u00eb ju jep energji dhe nj\u00eb ndjenj\u00eb kontrolli.<\/p>\t\t\t\t\t\t\t\t<\/div>\n\t\t\t\t<\/div>\n\t\t\t\t\t<\/div>\n\t\t\t\t<\/div>\n\t\t<div class=\"elementor-element elementor-element-ff5e5ac e-flex e-con-boxed e-con e-parent\" data-id=\"ff5e5ac\" data-element_type=\"container\" data-e-type=\"container\">\n\t\t\t\t\t<div class=\"e-con-inner\">\n\t\t\t\t<div class=\"elementor-element elementor-element-f72e2c1 elementor-widget__width-initial elementor-widget elementor-widget-text-editor\" data-id=\"f72e2c1\" data-element_type=\"widget\" data-e-type=\"widget\" data-widget_type=\"text-editor.default\">\n\t\t\t\t\t\t\t\t\t<p>Me Urban Nutrition, \u00e7do dit\u00eb \u00ebsht\u00eb nj\u00eb mund\u00ebsi p\u00ebr t\u00eb b\u00ebr\u00eb nj\u00eb hap t\u00eb vog\u00ebl, por t\u00eb r\u00ebnd\u00ebsish\u00ebm drejt nj\u00eb jete m\u00eb t\u00eb mir\u00eb. Produktet tona jan\u00eb m\u00eb shum\u00eb se thjesht ushqim; ato jan\u00eb mb\u00ebshtetje p\u00ebr misionin tuaj p\u00ebr t\u00eb qen\u00eb m\u00eb t\u00eb sh\u00ebndetsh\u00ebm, m\u00eb energjik\u00eb dhe m\u00eb t\u00eb lumtur. Bashkohuni me komunitetin q\u00eb beson se sh\u00ebndeti dhe vitaliteti jan\u00eb nj\u00eb zgjedhje \u2013 dhe ne jemi k\u00ebtu p\u00ebr t&#8217;ju ndihmuar ta b\u00ebni at\u00eb zgjedhje m\u00eb t\u00eb leht\u00eb.<\/p>\t\t\t\t\t\t\t\t<\/div>\n\t\t\t\t\t<\/div>\n\t\t\t\t<\/div>\n\t\t\t\t<\/div>\n\t\t","protected":false},"excerpt":{"rendered":"<p>&#8230;<\/p>\n","protected":false},"author":2,"featured_media":0,"parent":0,"menu_order":0,"comment_status":"closed","ping_status":"closed","template":"elementor_header_footer","meta":{"footnotes":""},"class_list":["post-4791","page","type-page","status-publish","hentry"],"yoast_head":"<!-- This site is optimized with the Yoast SEO plugin v27.5 - https:\/\/yoast.com\/product\/yoast-seo-wordpress\/ -->\n<title>Historia jon\u00eb - Urban Nutrition<\/title>\n<meta name=\"robots\" content=\"index, follow, max-snippet:-1, max-image-preview:large, max-video-preview:-1\" \/>\n<link rel=\"canonical\" href=\"https:\/\/urbannutrition.mk\/sq\/historia-jone\/\" \/>\n<meta property=\"og:locale\" content=\"sq_AL\" \/>\n<meta property=\"og:type\" content=\"article\" \/>\n<meta property=\"og:title\" content=\"Historia jon\u00eb - Urban Nutrition\" \/>\n<meta property=\"og:description\" content=\"...\" \/>\n<meta property=\"og:url\" content=\"https:\/\/urbannutrition.mk\/sq\/historia-jone\/\" \/>\n<meta property=\"og:site_name\" content=\"Urban Nutrition\" \/>\n<meta property=\"article:publisher\" content=\"https:\/\/www.facebook.com\/urbannutritionmk\/\" \/>\n<meta property=\"article:modified_time\" content=\"2026-05-06T15:22:29+00:00\" \/>\n<meta name=\"twitter:card\" content=\"summary_large_image\" \/>\n<meta name=\"twitter:label1\" content=\"Est. reading time\" \/>\n\t<meta name=\"twitter:data1\" content=\"2 minuta\" \/>\n<script type=\"application\/ld+json\" class=\"yoast-schema-graph\">{\"@context\":\"https:\\\/\\\/schema.org\",\"@graph\":[{\"@type\":\"WebPage\",\"@id\":\"https:\\\/\\\/urbannutrition.mk\\\/sq\\\/historia-jone\\\/\",\"url\":\"https:\\\/\\\/urbannutrition.mk\\\/sq\\\/historia-jone\\\/\",\"name\":\"Historia jon\u00eb - Urban Nutrition\",\"isPartOf\":{\"@id\":\"https:\\\/\\\/urbannutrition.mk\\\/#website\"},\"primaryImageOfPage\":{\"@id\":\"https:\\\/\\\/urbannutrition.mk\\\/sq\\\/historia-jone\\\/#primaryimage\"},\"image\":{\"@id\":\"https:\\\/\\\/urbannutrition.mk\\\/sq\\\/historia-jone\\\/#primaryimage\"},\"thumbnailUrl\":\"https:\\\/\\\/urbannutrition.mk\\\/wp-content\\\/uploads\\\/xstore\\\/xstore-placeholder-1x1.png\",\"datePublished\":\"2025-09-19T07:31:13+00:00\",\"dateModified\":\"2026-05-06T15:22:29+00:00\",\"breadcrumb\":{\"@id\":\"https:\\\/\\\/urbannutrition.mk\\\/sq\\\/historia-jone\\\/#breadcrumb\"},\"inLanguage\":\"sq\",\"potentialAction\":[{\"@type\":\"ReadAction\",\"target\":[\"https:\\\/\\\/urbannutrition.mk\\\/sq\\\/historia-jone\\\/\"]}]},{\"@type\":\"ImageObject\",\"inLanguage\":\"sq\",\"@id\":\"https:\\\/\\\/urbannutrition.mk\\\/sq\\\/historia-jone\\\/#primaryimage\",\"url\":\"https:\\\/\\\/urbannutrition.mk\\\/wp-content\\\/uploads\\\/xstore\\\/xstore-placeholder-1x1.png\",\"contentUrl\":\"https:\\\/\\\/urbannutrition.mk\\\/wp-content\\\/uploads\\\/xstore\\\/xstore-placeholder-1x1.png\"},{\"@type\":\"BreadcrumbList\",\"@id\":\"https:\\\/\\\/urbannutrition.mk\\\/sq\\\/historia-jone\\\/#breadcrumb\",\"itemListElement\":[{\"@type\":\"ListItem\",\"position\":1,\"name\":\"\u041f\u043e\u0447\u0435\u0442\u043d\u0430\",\"item\":\"https:\\\/\\\/urbannutrition.mk\\\/sq\\\/\"},{\"@type\":\"ListItem\",\"position\":2,\"name\":\"Historia jon\u00eb\"}]},{\"@type\":\"WebSite\",\"@id\":\"https:\\\/\\\/urbannutrition.mk\\\/#website\",\"url\":\"https:\\\/\\\/urbannutrition.mk\\\/\",\"name\":\"Urban Nutrition\",\"description\":\"\",\"publisher\":{\"@id\":\"https:\\\/\\\/urbannutrition.mk\\\/#organization\"},\"potentialAction\":[{\"@type\":\"SearchAction\",\"target\":{\"@type\":\"EntryPoint\",\"urlTemplate\":\"https:\\\/\\\/urbannutrition.mk\\\/?s={search_term_string}\"},\"query-input\":{\"@type\":\"PropertyValueSpecification\",\"valueRequired\":true,\"valueName\":\"search_term_string\"}}],\"inLanguage\":\"sq\"},{\"@type\":\"Organization\",\"@id\":\"https:\\\/\\\/urbannutrition.mk\\\/#organization\",\"name\":\"Urban Nutrition\",\"url\":\"https:\\\/\\\/urbannutrition.mk\\\/\",\"logo\":{\"@type\":\"ImageObject\",\"inLanguage\":\"sq\",\"@id\":\"https:\\\/\\\/urbannutrition.mk\\\/#\\\/schema\\\/logo\\\/image\\\/\",\"url\":\"https:\\\/\\\/urbannutrition.mk\\\/wp-content\\\/uploads\\\/2025\\\/09\\\/Urban-Nutrition-CRNO.svg\",\"contentUrl\":\"https:\\\/\\\/urbannutrition.mk\\\/wp-content\\\/uploads\\\/2025\\\/09\\\/Urban-Nutrition-CRNO.svg\",\"caption\":\"Urban Nutrition\"},\"image\":{\"@id\":\"https:\\\/\\\/urbannutrition.mk\\\/#\\\/schema\\\/logo\\\/image\\\/\"},\"sameAs\":[\"https:\\\/\\\/www.facebook.com\\\/urbannutritionmk\\\/\",\"https:\\\/\\\/www.instagram.com\\\/urbannutritionmk\\\/?hl=en\"]}]}<\/script>\n<!-- \/ Yoast SEO plugin. -->","yoast_head_json":{"title":"Historia jon\u00eb - Urban Nutrition","robots":{"index":"index","follow":"follow","max-snippet":"max-snippet:-1","max-image-preview":"max-image-preview:large","max-video-preview":"max-video-preview:-1"},"canonical":"https:\/\/urbannutrition.mk\/sq\/historia-jone\/","og_locale":"sq_AL","og_type":"article","og_title":"Historia jon\u00eb - Urban Nutrition","og_description":"...","og_url":"https:\/\/urbannutrition.mk\/sq\/historia-jone\/","og_site_name":"Urban Nutrition","article_publisher":"https:\/\/www.facebook.com\/urbannutritionmk\/","article_modified_time":"2026-05-06T15:22:29+00:00","twitter_card":"summary_large_image","twitter_misc":{"Est. reading time":"2 minuta"},"schema":{"@context":"https:\/\/schema.org","@graph":[{"@type":"WebPage","@id":"https:\/\/urbannutrition.mk\/sq\/historia-jone\/","url":"https:\/\/urbannutrition.mk\/sq\/historia-jone\/","name":"Historia jon\u00eb - Urban Nutrition","isPartOf":{"@id":"https:\/\/urbannutrition.mk\/#website"},"primaryImageOfPage":{"@id":"https:\/\/urbannutrition.mk\/sq\/historia-jone\/#primaryimage"},"image":{"@id":"https:\/\/urbannutrition.mk\/sq\/historia-jone\/#primaryimage"},"thumbnailUrl":"https:\/\/urbannutrition.mk\/wp-content\/uploads\/xstore\/xstore-placeholder-1x1.png","datePublished":"2025-09-19T07:31:13+00:00","dateModified":"2026-05-06T15:22:29+00:00","breadcrumb":{"@id":"https:\/\/urbannutrition.mk\/sq\/historia-jone\/#breadcrumb"},"inLanguage":"sq","potentialAction":[{"@type":"ReadAction","target":["https:\/\/urbannutrition.mk\/sq\/historia-jone\/"]}]},{"@type":"ImageObject","inLanguage":"sq","@id":"https:\/\/urbannutrition.mk\/sq\/historia-jone\/#primaryimage","url":"https:\/\/urbannutrition.mk\/wp-content\/uploads\/xstore\/xstore-placeholder-1x1.png","contentUrl":"https:\/\/urbannutrition.mk\/wp-content\/uploads\/xstore\/xstore-placeholder-1x1.png"},{"@type":"BreadcrumbList","@id":"https:\/\/urbannutrition.mk\/sq\/historia-jone\/#breadcrumb","itemListElement":[{"@type":"ListItem","position":1,"name":"\u041f\u043e\u0447\u0435\u0442\u043d\u0430","item":"https:\/\/urbannutrition.mk\/sq\/"},{"@type":"ListItem","position":2,"name":"Historia jon\u00eb"}]},{"@type":"WebSite","@id":"https:\/\/urbannutrition.mk\/#website","url":"https:\/\/urbannutrition.mk\/","name":"Urban Nutrition","description":"","publisher":{"@id":"https:\/\/urbannutrition.mk\/#organization"},"potentialAction":[{"@type":"SearchAction","target":{"@type":"EntryPoint","urlTemplate":"https:\/\/urbannutrition.mk\/?s={search_term_string}"},"query-input":{"@type":"PropertyValueSpecification","valueRequired":true,"valueName":"search_term_string"}}],"inLanguage":"sq"},{"@type":"Organization","@id":"https:\/\/urbannutrition.mk\/#organization","name":"Urban Nutrition","url":"https:\/\/urbannutrition.mk\/","logo":{"@type":"ImageObject","inLanguage":"sq","@id":"https:\/\/urbannutrition.mk\/#\/schema\/logo\/image\/","url":"https:\/\/urbannutrition.mk\/wp-content\/uploads\/2025\/09\/Urban-Nutrition-CRNO.svg","contentUrl":"https:\/\/urbannutrition.mk\/wp-content\/uploads\/2025\/09\/Urban-Nutrition-CRNO.svg","caption":"Urban Nutrition"},"image":{"@id":"https:\/\/urbannutrition.mk\/#\/schema\/logo\/image\/"},"sameAs":["https:\/\/www.facebook.com\/urbannutritionmk\/","https:\/\/www.instagram.com\/urbannutritionmk\/?hl=en"]}]}},"_links":{"self":[{"href":"https:\/\/urbannutrition.mk\/sq\/wp-json\/wp\/v2\/pages\/4791","targetHints":{"allow":["GET"]}}],"collection":[{"href":"https:\/\/urbannutrition.mk\/sq\/wp-json\/wp\/v2\/pages"}],"about":[{"href":"https:\/\/urbannutrition.mk\/sq\/wp-json\/wp\/v2\/types\/page"}],"author":[{"embeddable":true,"href":"https:\/\/urbannutrition.mk\/sq\/wp-json\/wp\/v2\/users\/2"}],"replies":[{"embeddable":true,"href":"https:\/\/urbannutrition.mk\/sq\/wp-json\/wp\/v2\/comments?post=4791"}],"version-history":[{"count":1,"href":"https:\/\/urbannutrition.mk\/sq\/wp-json\/wp\/v2\/pages\/4791\/revisions"}],"predecessor-version":[{"id":4793,"href":"https:\/\/urbannutrition.mk\/sq\/wp-json\/wp\/v2\/pages\/4791\/revisions\/4793"}],"wp:attachment":[{"href":"https:\/\/urbannutrition.mk\/sq\/wp-json\/wp\/v2\/media?parent=4791"}],"curies":[{"name":"wp","href":"https:\/\/api.w.org\/{rel}","templated":true}]}}