{"id":4841,"date":"2025-09-24T15:17:35","date_gmt":"2025-09-24T13:17:35","guid":{"rendered":"https:\/\/urbannutrition.mk\/politika-e-privatesise\/"},"modified":"2026-05-07T12:17:30","modified_gmt":"2026-05-07T10:17:30","slug":"politika-e-privatesise","status":"publish","type":"page","link":"https:\/\/urbannutrition.mk\/sq\/politika-e-privatesise\/","title":{"rendered":"Politika e privat\u00ebsis\u00eb"},"content":{"rendered":"\n<p>P\u00ebrdit\u00ebsuar p\u00ebr her\u00eb t\u00eb fundit: 24.9.2025<\/p>\n\n<p><strong>urbannutrition.mk<\/strong> respekton privat\u00ebsin\u00eb tuaj dhe \u00ebsht\u00eb e p\u00ebrkushtuar p\u00ebr t\u00eb mbrojtur t\u00eb dh\u00ebnat personale q\u00eb p\u00ebrpunojm\u00eb kur p\u00ebrdorni dyqanin ton\u00eb online.<\/p>\n\n<h2 class=\"wp-block-heading\">1. \u00c7far\u00eb t\u00eb dh\u00ebnash mbledhim<\/h2>\n\n<p>Kur b\u00ebni nj\u00eb porosi ose p\u00ebrdorni sh\u00ebrbimet tona, ne mund t\u00eb mbledhim:<\/p>\n\n<ul class=\"wp-block-list\">\n<li><strong>Informacion mbi porosin\u00eb:<\/strong> emri, mbiemri, adresa e d\u00ebrges\u00ebs, telefoni, emaili.<\/li>\n\n\n\n<li><strong>Informacion kontakti:<\/strong> kur p\u00ebrdorni formular\u00ebt e kontaktit ose abonoheni n\u00eb nj\u00eb buletin informativ.<\/li>\n\n\n\n<li><strong>Informacion teknik:<\/strong> Adresa IP, shfletuesi, pajisja dhe cookie-t p\u00ebr t\u00eb p\u00ebrmir\u00ebsuar funksionalitetin.<\/li>\n<\/ul>\n\n<h2 class=\"wp-block-heading\">2. Pse i p\u00ebrdorim t\u00eb dh\u00ebnat tuaja<\/h2>\n\n<p>T\u00eb dh\u00ebnat tuaja q\u00eb p\u00ebrdoren p\u00ebr:<\/p>\n\n<ul class=\"wp-block-list\">\n<li>p\u00ebrpunimin dhe dor\u00ebzimin e porosive,<\/li>\n\n\n\n<li>l\u00ebshimin e faturave dhe menaxhimin e pagesave,<\/li>\n\n\n\n<li>komunikimin n\u00eb lidhje me porosit\u00eb ose pyetjet tuaja,<\/li>\n\n\n\n<li>d\u00ebrgimin e informacionit t\u00eb marketingut<\/li>\n\n\n\n<li>analizimin dhe p\u00ebrmir\u00ebsimin e sh\u00ebrbimit dhe faqes son\u00eb t\u00eb internetit.<\/li>\n<\/ul>\n\n<h2 class=\"wp-block-heading\">3. Kush ka qasje n\u00eb t\u00eb dh\u00ebnat tuaja<\/h2>\n\n<p>T\u00eb dh\u00ebnat mund t\u00eb ndahen vet\u00ebm me:<\/p>\n\n<ul class=\"wp-block-list\">\n<li>Sh\u00ebrbimet e dor\u00ebzimit p\u00ebr dor\u00ebzimin e porosis\u00eb suaj.<\/li>\n\n\n\n<li><strong>Partner\u00ebt e IT-s\u00eb<\/strong> q\u00eb ofrojn\u00eb sh\u00ebrbime mir\u00ebmbajtjeje dhe sigurie t\u00eb faqes s\u00eb internetit.<\/li>\n<\/ul>\n\n<h2 class=\"wp-block-heading\">4. Cookies<\/h2>\n\n<p>Dyqani yn\u00eb p\u00ebrdor cookies p\u00ebr:<\/p>\n\n<ul class=\"wp-block-list\">\n<li>funksionimin e duhur t\u00eb shport\u00ebs s\u00eb blerjeve dhe procesit t\u00eb porosis\u00eb,<\/li>\n\n\n\n<li>analiz\u00ebn e trafikut dhe optimizimin e faqes,<\/li>\n\n\n\n<li>ofert\u00ebn dhe marketingun e personalizuar.<br\/>Ju mund t\u00eb \u00e7aktivizoni cookies p\u00ebrmes shfletuesit tuaj, por kjo mund t\u00eb ndikoj\u00eb n\u00eb funksionalitetin e faqes.<\/li>\n<\/ul>\n\n<h2 class=\"wp-block-heading\">5. Ruajtjen dhe mbrojtjen e t\u00eb dh\u00ebnave<\/h2>\n\n<ul class=\"wp-block-list\">\n<li>Ne i ruajm\u00eb t\u00eb dh\u00ebnat e porosis\u00eb n\u00eb p\u00ebrputhje me detyrimet ligjore (kontabilitet dhe taksa).<\/li>\n\n\n\n<li>Ne zbatojm\u00eb masa teknike dhe organizative p\u00ebr t&#8217;u mbrojtur nga qasja, humbja ose keqp\u00ebrdorimi i paautorizuar.<\/li>\n\n\n\n<li>T\u00eb dh\u00ebnat e pages\u00ebs p\u00ebrpunohen p\u00ebrmes nj\u00eb protokolli t\u00eb sigurt SSL dhe nuk ruhen tek ne.<\/li>\n<\/ul>\n\n<h2 class=\"wp-block-heading\">6. T\u00eb drejtat tuaja<\/h2>\n\n<p>Ju gjithmon\u00eb keni t\u00eb drejt\u00eb t\u00eb:<\/p>\n\n<ul class=\"wp-block-list\">\n<li>k\u00ebrkoni qasje n\u00eb t\u00eb dh\u00ebnat q\u00eb mbajm\u00eb p\u00ebr ju,<\/li>\n\n\n\n<li>k\u00ebrkoni korrigjim ose fshirje t\u00eb t\u00eb dh\u00ebnave,<\/li>\n\n\n\n<li>kufizoni ose kund\u00ebrshtoni p\u00ebrpunimin,<\/li>\n\n\n\n<li>t\u00ebrheqni p\u00eblqimin p\u00ebr komunikimet e marketingut.<\/li>\n<\/ul>\n\n<p>P\u00ebr t\u00eb ushtruar t\u00eb drejtat tuaja, na shkruani n\u00eb <a href=\"mailto:info@urbannutrition.mk\" data-type=\"page\" data-id=\"34\">info@urbannutrition.mk<\/a><\/p>\n\n<p><\/p>\n","protected":false},"excerpt":{"rendered":"<p>&#8230;<\/p>\n","protected":false},"author":1,"featured_media":0,"parent":0,"menu_order":0,"comment_status":"closed","ping_status":"closed","template":"","meta":{"footnotes":""},"class_list":["post-4841","page","type-page","status-publish","hentry"],"yoast_head":"<!-- This site is optimized with the Yoast SEO plugin v27.5 - https:\/\/yoast.com\/product\/yoast-seo-wordpress\/ -->\n<title>Politika e privat\u00ebsis\u00eb - Urban Nutrition<\/title>\n<meta name=\"robots\" content=\"index, follow, max-snippet:-1, max-image-preview:large, max-video-preview:-1\" \/>\n<link rel=\"canonical\" href=\"https:\/\/urbannutrition.mk\/sq\/politika-e-privatesise\/\" \/>\n<meta property=\"og:locale\" content=\"sq_AL\" \/>\n<meta property=\"og:type\" content=\"article\" \/>\n<meta property=\"og:title\" content=\"Politika e privat\u00ebsis\u00eb - Urban Nutrition\" \/>\n<meta property=\"og:description\" content=\"...\" \/>\n<meta property=\"og:url\" content=\"https:\/\/urbannutrition.mk\/sq\/politika-e-privatesise\/\" \/>\n<meta property=\"og:site_name\" content=\"Urban Nutrition\" \/>\n<meta property=\"article:publisher\" content=\"https:\/\/www.facebook.com\/urbannutritionmk\/\" \/>\n<meta property=\"article:modified_time\" content=\"2026-05-07T10:17:30+00:00\" \/>\n<meta name=\"twitter:card\" content=\"summary_large_image\" \/>\n<meta name=\"twitter:label1\" content=\"Est. reading time\" \/>\n\t<meta name=\"twitter:data1\" content=\"2 minuta\" \/>\n<script type=\"application\/ld+json\" class=\"yoast-schema-graph\">{\"@context\":\"https:\\\/\\\/schema.org\",\"@graph\":[{\"@type\":\"WebPage\",\"@id\":\"https:\\\/\\\/urbannutrition.mk\\\/sq\\\/politika-e-privatesise\\\/\",\"url\":\"https:\\\/\\\/urbannutrition.mk\\\/sq\\\/politika-e-privatesise\\\/\",\"name\":\"Politika e privat\u00ebsis\u00eb - Urban Nutrition\",\"isPartOf\":{\"@id\":\"https:\\\/\\\/urbannutrition.mk\\\/#website\"},\"datePublished\":\"2025-09-24T13:17:35+00:00\",\"dateModified\":\"2026-05-07T10:17:30+00:00\",\"breadcrumb\":{\"@id\":\"https:\\\/\\\/urbannutrition.mk\\\/sq\\\/politika-e-privatesise\\\/#breadcrumb\"},\"inLanguage\":\"sq\",\"potentialAction\":[{\"@type\":\"ReadAction\",\"target\":[\"https:\\\/\\\/urbannutrition.mk\\\/sq\\\/politika-e-privatesise\\\/\"]}]},{\"@type\":\"BreadcrumbList\",\"@id\":\"https:\\\/\\\/urbannutrition.mk\\\/sq\\\/politika-e-privatesise\\\/#breadcrumb\",\"itemListElement\":[{\"@type\":\"ListItem\",\"position\":1,\"name\":\"\u041f\u043e\u0447\u0435\u0442\u043d\u0430\",\"item\":\"https:\\\/\\\/urbannutrition.mk\\\/sq\\\/\"},{\"@type\":\"ListItem\",\"position\":2,\"name\":\"Politika e privat\u00ebsis\u00eb\"}]},{\"@type\":\"WebSite\",\"@id\":\"https:\\\/\\\/urbannutrition.mk\\\/#website\",\"url\":\"https:\\\/\\\/urbannutrition.mk\\\/\",\"name\":\"Urban Nutrition\",\"description\":\"\",\"publisher\":{\"@id\":\"https:\\\/\\\/urbannutrition.mk\\\/#organization\"},\"potentialAction\":[{\"@type\":\"SearchAction\",\"target\":{\"@type\":\"EntryPoint\",\"urlTemplate\":\"https:\\\/\\\/urbannutrition.mk\\\/?s={search_term_string}\"},\"query-input\":{\"@type\":\"PropertyValueSpecification\",\"valueRequired\":true,\"valueName\":\"search_term_string\"}}],\"inLanguage\":\"sq\"},{\"@type\":\"Organization\",\"@id\":\"https:\\\/\\\/urbannutrition.mk\\\/#organization\",\"name\":\"Urban Nutrition\",\"url\":\"https:\\\/\\\/urbannutrition.mk\\\/\",\"logo\":{\"@type\":\"ImageObject\",\"inLanguage\":\"sq\",\"@id\":\"https:\\\/\\\/urbannutrition.mk\\\/#\\\/schema\\\/logo\\\/image\\\/\",\"url\":\"https:\\\/\\\/urbannutrition.mk\\\/wp-content\\\/uploads\\\/2025\\\/09\\\/Urban-Nutrition-CRNO.svg\",\"contentUrl\":\"https:\\\/\\\/urbannutrition.mk\\\/wp-content\\\/uploads\\\/2025\\\/09\\\/Urban-Nutrition-CRNO.svg\",\"caption\":\"Urban Nutrition\"},\"image\":{\"@id\":\"https:\\\/\\\/urbannutrition.mk\\\/#\\\/schema\\\/logo\\\/image\\\/\"},\"sameAs\":[\"https:\\\/\\\/www.facebook.com\\\/urbannutritionmk\\\/\",\"https:\\\/\\\/www.instagram.com\\\/urbannutritionmk\\\/?hl=en\"]}]}<\/script>\n<!-- \/ Yoast SEO plugin. -->","yoast_head_json":{"title":"Politika e privat\u00ebsis\u00eb - Urban Nutrition","robots":{"index":"index","follow":"follow","max-snippet":"max-snippet:-1","max-image-preview":"max-image-preview:large","max-video-preview":"max-video-preview:-1"},"canonical":"https:\/\/urbannutrition.mk\/sq\/politika-e-privatesise\/","og_locale":"sq_AL","og_type":"article","og_title":"Politika e privat\u00ebsis\u00eb - Urban Nutrition","og_description":"...","og_url":"https:\/\/urbannutrition.mk\/sq\/politika-e-privatesise\/","og_site_name":"Urban Nutrition","article_publisher":"https:\/\/www.facebook.com\/urbannutritionmk\/","article_modified_time":"2026-05-07T10:17:30+00:00","twitter_card":"summary_large_image","twitter_misc":{"Est. reading time":"2 minuta"},"schema":{"@context":"https:\/\/schema.org","@graph":[{"@type":"WebPage","@id":"https:\/\/urbannutrition.mk\/sq\/politika-e-privatesise\/","url":"https:\/\/urbannutrition.mk\/sq\/politika-e-privatesise\/","name":"Politika e privat\u00ebsis\u00eb - Urban Nutrition","isPartOf":{"@id":"https:\/\/urbannutrition.mk\/#website"},"datePublished":"2025-09-24T13:17:35+00:00","dateModified":"2026-05-07T10:17:30+00:00","breadcrumb":{"@id":"https:\/\/urbannutrition.mk\/sq\/politika-e-privatesise\/#breadcrumb"},"inLanguage":"sq","potentialAction":[{"@type":"ReadAction","target":["https:\/\/urbannutrition.mk\/sq\/politika-e-privatesise\/"]}]},{"@type":"BreadcrumbList","@id":"https:\/\/urbannutrition.mk\/sq\/politika-e-privatesise\/#breadcrumb","itemListElement":[{"@type":"ListItem","position":1,"name":"\u041f\u043e\u0447\u0435\u0442\u043d\u0430","item":"https:\/\/urbannutrition.mk\/sq\/"},{"@type":"ListItem","position":2,"name":"Politika e privat\u00ebsis\u00eb"}]},{"@type":"WebSite","@id":"https:\/\/urbannutrition.mk\/#website","url":"https:\/\/urbannutrition.mk\/","name":"Urban Nutrition","description":"","publisher":{"@id":"https:\/\/urbannutrition.mk\/#organization"},"potentialAction":[{"@type":"SearchAction","target":{"@type":"EntryPoint","urlTemplate":"https:\/\/urbannutrition.mk\/?s={search_term_string}"},"query-input":{"@type":"PropertyValueSpecification","valueRequired":true,"valueName":"search_term_string"}}],"inLanguage":"sq"},{"@type":"Organization","@id":"https:\/\/urbannutrition.mk\/#organization","name":"Urban Nutrition","url":"https:\/\/urbannutrition.mk\/","logo":{"@type":"ImageObject","inLanguage":"sq","@id":"https:\/\/urbannutrition.mk\/#\/schema\/logo\/image\/","url":"https:\/\/urbannutrition.mk\/wp-content\/uploads\/2025\/09\/Urban-Nutrition-CRNO.svg","contentUrl":"https:\/\/urbannutrition.mk\/wp-content\/uploads\/2025\/09\/Urban-Nutrition-CRNO.svg","caption":"Urban Nutrition"},"image":{"@id":"https:\/\/urbannutrition.mk\/#\/schema\/logo\/image\/"},"sameAs":["https:\/\/www.facebook.com\/urbannutritionmk\/","https:\/\/www.instagram.com\/urbannutritionmk\/?hl=en"]}]}},"_links":{"self":[{"href":"https:\/\/urbannutrition.mk\/sq\/wp-json\/wp\/v2\/pages\/4841","targetHints":{"allow":["GET"]}}],"collection":[{"href":"https:\/\/urbannutrition.mk\/sq\/wp-json\/wp\/v2\/pages"}],"about":[{"href":"https:\/\/urbannutrition.mk\/sq\/wp-json\/wp\/v2\/types\/page"}],"author":[{"embeddable":true,"href":"https:\/\/urbannutrition.mk\/sq\/wp-json\/wp\/v2\/users\/1"}],"replies":[{"embeddable":true,"href":"https:\/\/urbannutrition.mk\/sq\/wp-json\/wp\/v2\/comments?post=4841"}],"version-history":[{"count":1,"href":"https:\/\/urbannutrition.mk\/sq\/wp-json\/wp\/v2\/pages\/4841\/revisions"}],"predecessor-version":[{"id":4842,"href":"https:\/\/urbannutrition.mk\/sq\/wp-json\/wp\/v2\/pages\/4841\/revisions\/4842"}],"wp:attachment":[{"href":"https:\/\/urbannutrition.mk\/sq\/wp-json\/wp\/v2\/media?parent=4841"}],"curies":[{"name":"wp","href":"https:\/\/api.w.org\/{rel}","templated":true}]}}