{"id":4868,"date":"2025-09-12T16:26:25","date_gmt":"2025-09-12T14:26:25","guid":{"rendered":"https:\/\/urbannutrition.mk\/product\/goat-power-protein-pako-me-3-perberes\/"},"modified":"2025-09-12T16:26:25","modified_gmt":"2025-09-12T14:26:25","slug":"goat-power-protein-pako-me-3-perberes","status":"publish","type":"product","link":"https:\/\/urbannutrition.mk\/sq\/product\/goat-power-protein-pako-me-3-perberes\/","title":{"rendered":"Goat Power Protein pako me 3 p\u00ebrb\u00ebr\u00ebs"},"content":{"rendered":"<p>Kjo pije proteinike krijohet n\u00ebp\u00ebrmjet nj\u00eb procesi t\u00eb duhur pasterizimi; centrifugimi, avullimi n\u00eb vakum, i cili largon nj\u00eb pjes\u00eb t\u00eb madhe t\u00eb ujit n\u00eb qum\u00ebsht. Qum\u00ebshti i skremuar i koncentruar formon baz\u00ebn p\u00ebr produktin ton\u00eb, gj\u00eb q\u00eb e b\u00ebn at\u00eb unik n\u00eb treg, sepse PROTEINA P\u00cbRFILLET NGA QUM\u00cbSHTI, JO NGA HIRRRA, e cila p\u00ebrftohet n\u00ebp\u00ebrmjet nj\u00eb procesi t\u00eb qum\u00ebshtit t\u00eb p\u00ebrpunuar nj\u00eb her\u00eb p\u00ebr nevojat e industris\u00eb s\u00eb qum\u00ebshtit. N\u00eb k\u00ebt\u00eb baz\u00eb, shtohet nj\u00eb sasi e vog\u00ebl stevie e dearomatizuar e gjenerat\u00ebs s\u00eb dyt\u00eb dhe krijohet nj\u00eb AROM\u00cb E MREKULLUESHME E \u00cbMB\u00cbL QUM\u00cbSHTIT.  <\/p>\n<p>Proteina e dhis\u00eb ndihmon n\u00eb: ushqyerjen e fibrave muskulore nd\u00ebrsa flini, ka nj\u00eb nivel t\u00eb lart\u00eb t\u00eb aminoacideve esenciale, \u00ebsht\u00eb shum\u00eb leht\u00eb e tretshme dhe m\u00eb pak alergjene, nj\u00eb baz\u00eb perfekte p\u00ebr krijimin e koktejeve, smoothieve dhe recetave.<\/p>\n<p>P\u00ebrb\u00ebr\u00ebsit: Pluhurat e fuqish\u00ebm t\u00eb proteinave t\u00eb dhis\u00eb jan\u00eb b\u00ebr\u00eb nga 99% qum\u00ebsht dhie i fresk\u00ebt holandez plus 1% stevia e gjenerat\u00ebs s\u00eb dyt\u00eb.<\/p>\n<p>Si p\u00ebrdoret?<\/p>\n<p>Shtoni nj\u00eb lug\u00eb nga pluhuri yn\u00eb i fuqish\u00ebm proteinik n\u00eb kokteje proteinash, smoothie, qum\u00ebsht, uj\u00eb ose n\u00eb pijen tuaj t\u00eb preferuar.<br \/>\nShtoni fruta dhe perime sipas shijes. \u00cbsht\u00eb m\u00eb mir\u00eb ta p\u00ebrdorni n\u00eb m\u00ebngjes, pas ushtrimeve ose para gjumit. <\/p>\n","protected":false},"excerpt":{"rendered":"<div class=\"woocommerce-product-details__short-description\">\n<p>Proteina e fuqishme e dhis\u00eb prodhohet nga <strong>QUM\u00cbSHTI HOLANDESK I DHIS\u00cb ME CIL\u00cbSIN\u00cb M\u00cb T\u00cb LART\u00cb.<\/strong> Qum\u00ebshti mblidhet nga mbi <strong>100 ferma familjare holandeze<\/strong> t\u00eb dhive nga kompania jon\u00eb partnere. Meqen\u00ebse qum\u00ebshti i fresk\u00ebt i dhis\u00eb \u00ebsht\u00eb p\u00ebrb\u00ebr\u00ebsi kryesor i produktit ton\u00eb, cil\u00ebsia \u00ebsht\u00eb faktori m\u00eb i r\u00ebnd\u00ebsish\u00ebm kur zgjedhim furnizuesit tan\u00eb t\u00eb qum\u00ebshtit t\u00eb dhis\u00eb.  <\/p>\n<\/div>\n<div class=\"quantity\"><\/div>\n","protected":false},"featured_media":1846,"comment_status":"open","ping_status":"closed","template":"","meta":[],"etheme_brands":[],"product_brand":[],"product_cat":[74],"product_tag":[],"class_list":{"0":"post-4868","1":"product","2":"type-product","3":"status-publish","4":"has-post-thumbnail","6":"product_cat-proteina","8":"first","9":"instock","10":"sale","11":"shipping-taxable","12":"purchasable","13":"product-type-simple"},"yoast_head":"<!-- This site is optimized with the Yoast SEO plugin v27.5 - https:\/\/yoast.com\/product\/yoast-seo-wordpress\/ -->\n<title>Goat Power Protein pako me 3 p\u00ebrb\u00ebr\u00ebs - Urban Nutrition<\/title>\n<meta name=\"robots\" content=\"index, follow, max-snippet:-1, max-image-preview:large, max-video-preview:-1\" \/>\n<link rel=\"canonical\" href=\"https:\/\/urbannutrition.mk\/sq\/product\/goat-power-protein-pako-me-3-perberes\/\" \/>\n<meta property=\"og:locale\" content=\"sq_AL\" \/>\n<meta property=\"og:type\" content=\"article\" \/>\n<meta property=\"og:title\" content=\"Goat Power Protein pako me 3 p\u00ebrb\u00ebr\u00ebs - Urban Nutrition\" \/>\n<meta property=\"og:description\" content=\"Proteina e fuqishme e dhis\u00eb prodhohet nga QUM\u00cbSHTI HOLANDESK I DHIS\u00cb ME CIL\u00cbSIN\u00cb M\u00cb T\u00cb LART\u00cb. Qum\u00ebshti mblidhet nga mbi 100 ferma familjare holandeze t\u00eb dhive nga kompania jon\u00eb partnere. Meqen\u00ebse qum\u00ebshti i fresk\u00ebt i dhis\u00eb \u00ebsht\u00eb p\u00ebrb\u00ebr\u00ebsi kryesor i produktit ton\u00eb, cil\u00ebsia \u00ebsht\u00eb faktori m\u00eb i r\u00ebnd\u00ebsish\u00ebm kur zgjedhim furnizuesit tan\u00eb t\u00eb qum\u00ebshtit t\u00eb dhis\u00eb.\" \/>\n<meta property=\"og:url\" content=\"https:\/\/urbannutrition.mk\/sq\/product\/goat-power-protein-pako-me-3-perberes\/\" \/>\n<meta property=\"og:site_name\" content=\"Urban Nutrition\" \/>\n<meta property=\"article:publisher\" content=\"https:\/\/www.facebook.com\/urbannutritionmk\/\" \/>\n<meta property=\"og:image\" content=\"https:\/\/urbannutrition.mk\/wp-content\/uploads\/2025\/09\/pakuvanja-od-3-.webp\" \/>\n\t<meta property=\"og:image:width\" content=\"1500\" \/>\n\t<meta property=\"og:image:height\" content=\"1500\" \/>\n\t<meta property=\"og:image:type\" content=\"image\/webp\" \/>\n<meta name=\"twitter:card\" content=\"summary_large_image\" \/>\n<meta name=\"twitter:label1\" content=\"Est. reading time\" \/>\n\t<meta name=\"twitter:data1\" content=\"1 minut\u00eb\" \/>\n<script type=\"application\/ld+json\" class=\"yoast-schema-graph\">{\"@context\":\"https:\\\/\\\/schema.org\",\"@graph\":[{\"@type\":\"WebPage\",\"@id\":\"https:\\\/\\\/urbannutrition.mk\\\/sq\\\/product\\\/goat-power-protein-pako-me-3-perberes\\\/\",\"url\":\"https:\\\/\\\/urbannutrition.mk\\\/sq\\\/product\\\/goat-power-protein-pako-me-3-perberes\\\/\",\"name\":\"Goat Power Protein pako me 3 p\u00ebrb\u00ebr\u00ebs - Urban Nutrition\",\"isPartOf\":{\"@id\":\"https:\\\/\\\/urbannutrition.mk\\\/#website\"},\"primaryImageOfPage\":{\"@id\":\"https:\\\/\\\/urbannutrition.mk\\\/sq\\\/product\\\/goat-power-protein-pako-me-3-perberes\\\/#primaryimage\"},\"image\":{\"@id\":\"https:\\\/\\\/urbannutrition.mk\\\/sq\\\/product\\\/goat-power-protein-pako-me-3-perberes\\\/#primaryimage\"},\"thumbnailUrl\":\"https:\\\/\\\/urbannutrition.mk\\\/wp-content\\\/uploads\\\/2025\\\/09\\\/pakuvanja-od-3-.webp\",\"datePublished\":\"2025-09-12T14:26:25+00:00\",\"breadcrumb\":{\"@id\":\"https:\\\/\\\/urbannutrition.mk\\\/sq\\\/product\\\/goat-power-protein-pako-me-3-perberes\\\/#breadcrumb\"},\"inLanguage\":\"sq\",\"potentialAction\":[{\"@type\":\"ReadAction\",\"target\":[\"https:\\\/\\\/urbannutrition.mk\\\/sq\\\/product\\\/goat-power-protein-pako-me-3-perberes\\\/\"]}]},{\"@type\":\"ImageObject\",\"inLanguage\":\"sq\",\"@id\":\"https:\\\/\\\/urbannutrition.mk\\\/sq\\\/product\\\/goat-power-protein-pako-me-3-perberes\\\/#primaryimage\",\"url\":\"https:\\\/\\\/urbannutrition.mk\\\/wp-content\\\/uploads\\\/2025\\\/09\\\/pakuvanja-od-3-.webp\",\"contentUrl\":\"https:\\\/\\\/urbannutrition.mk\\\/wp-content\\\/uploads\\\/2025\\\/09\\\/pakuvanja-od-3-.webp\",\"width\":1500,\"height\":1500},{\"@type\":\"BreadcrumbList\",\"@id\":\"https:\\\/\\\/urbannutrition.mk\\\/sq\\\/product\\\/goat-power-protein-pako-me-3-perberes\\\/#breadcrumb\",\"itemListElement\":[{\"@type\":\"ListItem\",\"position\":1,\"name\":\"\u041f\u043e\u0447\u0435\u0442\u043d\u0430\",\"item\":\"https:\\\/\\\/urbannutrition.mk\\\/sq\\\/\"},{\"@type\":\"ListItem\",\"position\":2,\"name\":\"Dyqani\",\"item\":\"https:\\\/\\\/urbannutrition.mk\\\/dyqani\\\/\"},{\"@type\":\"ListItem\",\"position\":3,\"name\":\"Goat Power Protein pako me 3 p\u00ebrb\u00ebr\u00ebs\"}]},{\"@type\":\"WebSite\",\"@id\":\"https:\\\/\\\/urbannutrition.mk\\\/#website\",\"url\":\"https:\\\/\\\/urbannutrition.mk\\\/\",\"name\":\"Urban Nutrition\",\"description\":\"\",\"publisher\":{\"@id\":\"https:\\\/\\\/urbannutrition.mk\\\/#organization\"},\"potentialAction\":[{\"@type\":\"SearchAction\",\"target\":{\"@type\":\"EntryPoint\",\"urlTemplate\":\"https:\\\/\\\/urbannutrition.mk\\\/?s={search_term_string}\"},\"query-input\":{\"@type\":\"PropertyValueSpecification\",\"valueRequired\":true,\"valueName\":\"search_term_string\"}}],\"inLanguage\":\"sq\"},{\"@type\":\"Organization\",\"@id\":\"https:\\\/\\\/urbannutrition.mk\\\/#organization\",\"name\":\"Urban Nutrition\",\"url\":\"https:\\\/\\\/urbannutrition.mk\\\/\",\"logo\":{\"@type\":\"ImageObject\",\"inLanguage\":\"sq\",\"@id\":\"https:\\\/\\\/urbannutrition.mk\\\/#\\\/schema\\\/logo\\\/image\\\/\",\"url\":\"https:\\\/\\\/urbannutrition.mk\\\/wp-content\\\/uploads\\\/2025\\\/09\\\/Urban-Nutrition-CRNO.svg\",\"contentUrl\":\"https:\\\/\\\/urbannutrition.mk\\\/wp-content\\\/uploads\\\/2025\\\/09\\\/Urban-Nutrition-CRNO.svg\",\"caption\":\"Urban Nutrition\"},\"image\":{\"@id\":\"https:\\\/\\\/urbannutrition.mk\\\/#\\\/schema\\\/logo\\\/image\\\/\"},\"sameAs\":[\"https:\\\/\\\/www.facebook.com\\\/urbannutritionmk\\\/\",\"https:\\\/\\\/www.instagram.com\\\/urbannutritionmk\\\/?hl=en\"]}]}<\/script>\n<!-- \/ Yoast SEO plugin. -->","yoast_head_json":{"title":"Goat Power Protein pako me 3 p\u00ebrb\u00ebr\u00ebs - Urban Nutrition","robots":{"index":"index","follow":"follow","max-snippet":"max-snippet:-1","max-image-preview":"max-image-preview:large","max-video-preview":"max-video-preview:-1"},"canonical":"https:\/\/urbannutrition.mk\/sq\/product\/goat-power-protein-pako-me-3-perberes\/","og_locale":"sq_AL","og_type":"article","og_title":"Goat Power Protein pako me 3 p\u00ebrb\u00ebr\u00ebs - Urban Nutrition","og_description":"Proteina e fuqishme e dhis\u00eb prodhohet nga QUM\u00cbSHTI HOLANDESK I DHIS\u00cb ME CIL\u00cbSIN\u00cb M\u00cb T\u00cb LART\u00cb. Qum\u00ebshti mblidhet nga mbi 100 ferma familjare holandeze t\u00eb dhive nga kompania jon\u00eb partnere. Meqen\u00ebse qum\u00ebshti i fresk\u00ebt i dhis\u00eb \u00ebsht\u00eb p\u00ebrb\u00ebr\u00ebsi kryesor i produktit ton\u00eb, cil\u00ebsia \u00ebsht\u00eb faktori m\u00eb i r\u00ebnd\u00ebsish\u00ebm kur zgjedhim furnizuesit tan\u00eb t\u00eb qum\u00ebshtit t\u00eb dhis\u00eb.","og_url":"https:\/\/urbannutrition.mk\/sq\/product\/goat-power-protein-pako-me-3-perberes\/","og_site_name":"Urban Nutrition","article_publisher":"https:\/\/www.facebook.com\/urbannutritionmk\/","og_image":[{"width":1500,"height":1500,"url":"https:\/\/urbannutrition.mk\/wp-content\/uploads\/2025\/09\/pakuvanja-od-3-.webp","type":"image\/webp"}],"twitter_card":"summary_large_image","twitter_misc":{"Est. reading time":"1 minut\u00eb"},"schema":{"@context":"https:\/\/schema.org","@graph":[{"@type":"WebPage","@id":"https:\/\/urbannutrition.mk\/sq\/product\/goat-power-protein-pako-me-3-perberes\/","url":"https:\/\/urbannutrition.mk\/sq\/product\/goat-power-protein-pako-me-3-perberes\/","name":"Goat Power Protein pako me 3 p\u00ebrb\u00ebr\u00ebs - Urban Nutrition","isPartOf":{"@id":"https:\/\/urbannutrition.mk\/#website"},"primaryImageOfPage":{"@id":"https:\/\/urbannutrition.mk\/sq\/product\/goat-power-protein-pako-me-3-perberes\/#primaryimage"},"image":{"@id":"https:\/\/urbannutrition.mk\/sq\/product\/goat-power-protein-pako-me-3-perberes\/#primaryimage"},"thumbnailUrl":"https:\/\/urbannutrition.mk\/wp-content\/uploads\/2025\/09\/pakuvanja-od-3-.webp","datePublished":"2025-09-12T14:26:25+00:00","breadcrumb":{"@id":"https:\/\/urbannutrition.mk\/sq\/product\/goat-power-protein-pako-me-3-perberes\/#breadcrumb"},"inLanguage":"sq","potentialAction":[{"@type":"ReadAction","target":["https:\/\/urbannutrition.mk\/sq\/product\/goat-power-protein-pako-me-3-perberes\/"]}]},{"@type":"ImageObject","inLanguage":"sq","@id":"https:\/\/urbannutrition.mk\/sq\/product\/goat-power-protein-pako-me-3-perberes\/#primaryimage","url":"https:\/\/urbannutrition.mk\/wp-content\/uploads\/2025\/09\/pakuvanja-od-3-.webp","contentUrl":"https:\/\/urbannutrition.mk\/wp-content\/uploads\/2025\/09\/pakuvanja-od-3-.webp","width":1500,"height":1500},{"@type":"BreadcrumbList","@id":"https:\/\/urbannutrition.mk\/sq\/product\/goat-power-protein-pako-me-3-perberes\/#breadcrumb","itemListElement":[{"@type":"ListItem","position":1,"name":"\u041f\u043e\u0447\u0435\u0442\u043d\u0430","item":"https:\/\/urbannutrition.mk\/sq\/"},{"@type":"ListItem","position":2,"name":"Dyqani","item":"https:\/\/urbannutrition.mk\/dyqani\/"},{"@type":"ListItem","position":3,"name":"Goat Power Protein pako me 3 p\u00ebrb\u00ebr\u00ebs"}]},{"@type":"WebSite","@id":"https:\/\/urbannutrition.mk\/#website","url":"https:\/\/urbannutrition.mk\/","name":"Urban Nutrition","description":"","publisher":{"@id":"https:\/\/urbannutrition.mk\/#organization"},"potentialAction":[{"@type":"SearchAction","target":{"@type":"EntryPoint","urlTemplate":"https:\/\/urbannutrition.mk\/?s={search_term_string}"},"query-input":{"@type":"PropertyValueSpecification","valueRequired":true,"valueName":"search_term_string"}}],"inLanguage":"sq"},{"@type":"Organization","@id":"https:\/\/urbannutrition.mk\/#organization","name":"Urban Nutrition","url":"https:\/\/urbannutrition.mk\/","logo":{"@type":"ImageObject","inLanguage":"sq","@id":"https:\/\/urbannutrition.mk\/#\/schema\/logo\/image\/","url":"https:\/\/urbannutrition.mk\/wp-content\/uploads\/2025\/09\/Urban-Nutrition-CRNO.svg","contentUrl":"https:\/\/urbannutrition.mk\/wp-content\/uploads\/2025\/09\/Urban-Nutrition-CRNO.svg","caption":"Urban Nutrition"},"image":{"@id":"https:\/\/urbannutrition.mk\/#\/schema\/logo\/image\/"},"sameAs":["https:\/\/www.facebook.com\/urbannutritionmk\/","https:\/\/www.instagram.com\/urbannutritionmk\/?hl=en"]}]}},"_links":{"self":[{"href":"https:\/\/urbannutrition.mk\/sq\/wp-json\/wp\/v2\/product\/4868","targetHints":{"allow":["GET"]}}],"collection":[{"href":"https:\/\/urbannutrition.mk\/sq\/wp-json\/wp\/v2\/product"}],"about":[{"href":"https:\/\/urbannutrition.mk\/sq\/wp-json\/wp\/v2\/types\/product"}],"replies":[{"embeddable":true,"href":"https:\/\/urbannutrition.mk\/sq\/wp-json\/wp\/v2\/comments?post=4868"}],"version-history":[{"count":0,"href":"https:\/\/urbannutrition.mk\/sq\/wp-json\/wp\/v2\/product\/4868\/revisions"}],"wp:featuredmedia":[{"embeddable":true,"href":"https:\/\/urbannutrition.mk\/sq\/wp-json\/wp\/v2\/media\/1846"}],"wp:attachment":[{"href":"https:\/\/urbannutrition.mk\/sq\/wp-json\/wp\/v2\/media?parent=4868"}],"wp:term":[{"taxonomy":"brand","embeddable":true,"href":"https:\/\/urbannutrition.mk\/sq\/wp-json\/wp\/v2\/etheme_brands?post=4868"},{"taxonomy":"product_brand","embeddable":true,"href":"https:\/\/urbannutrition.mk\/sq\/wp-json\/wp\/v2\/product_brand?post=4868"},{"taxonomy":"product_cat","embeddable":true,"href":"https:\/\/urbannutrition.mk\/sq\/wp-json\/wp\/v2\/product_cat?post=4868"},{"taxonomy":"product_tag","embeddable":true,"href":"https:\/\/urbannutrition.mk\/sq\/wp-json\/wp\/v2\/product_tag?post=4868"}],"curies":[{"name":"wp","href":"https:\/\/api.w.org\/{rel}","templated":true}]}}